{"id":107,"date":"2019-08-25T15:18:59","date_gmt":"2019-08-25T15:18:59","guid":{"rendered":"http:\/\/grewel.de\/?page_id=107"},"modified":"2024-06-27T14:44:35","modified_gmt":"2024-06-27T14:44:35","slug":"kontakt-2","status":"publish","type":"page","link":"https:\/\/grewel.de\/?page_id=107","title":{"rendered":"Kontakt"},"content":{"rendered":"\n<p class=\"has-medium-font-size\"><strong>Praxis in Kiel <\/strong><\/p>\n\n\n\n<p style=\"font-size:15px\">Die Praxis befindet sich in der Innenstadt, fu\u00dfl\u00e4ufig vom Hauptbahnhof erreichbar, Sophienblatt 12, 24103 Kiel. Sie erreichen meine R\u00e4ume in der Praxis von Frau Dr. med. Katja Kneip im 3. Stock.  Die Praxis ist barrierefrei \u00fcber einen Aufzug erreichbar.<\/p>\n\n\n\n<p style=\"font-size:15px\"><strong>Praxis f\u00fcr Psychotherapie<br>Dipl. Psych. Karsten Grewel<\/strong><br>Psychologischer Psychotherapeut \/ Heilpraktiker<\/p>\n\n\n\n<div class=\"wp-block-image\"><figure class=\"alignright is-resized\"><img loading=\"lazy\" decoding=\"async\" src=\"https:\/\/grewel.de\/wp-content\/uploads\/2021\/10\/frame.png\" alt=\"\" class=\"wp-image-152\" width=\"165\" height=\"165\" srcset=\"https:\/\/grewel.de\/wp-content\/uploads\/2021\/10\/frame.png 300w, https:\/\/grewel.de\/wp-content\/uploads\/2021\/10\/frame-150x150.png 150w, https:\/\/grewel.de\/wp-content\/uploads\/2021\/10\/frame-100x100.png 100w\" sizes=\"auto, (max-width: 165px) 100vw, 165px\" \/><\/figure><\/div>\n\n\n\n<p style=\"font-size:15px\"><strong>Sophienblatt 12 (3. OG)<br>24103 Kiel&nbsp;<\/strong><\/p>\n\n\n\n<p style=\"font-size:15px\"><strong>mobil: 0151 \u2013 271 45 049<br>mail: grewel@grewel.de<\/strong><\/p>\n\n\n\n<p style=\"font-size:15px\">Da ich mich meist in Terminen befinde, kann ich Anrufe nur w\u00e4hrend der telefonischen Sprechzeiten entgegennehmen:<\/p>\n\n\n\n<p style=\"font-size:15px\"><strong>montags von 15.00 bis 16.50 Uhr und<br>freitags von 07.30 bis 09.00 Uhr. <\/strong><\/p>\n\n\n\n<p style=\"font-size:15px\">Insbesondere bei Anfragen bzgl. Indikationsschreiben, Gutachten oder Diagnostik schreiben Sie mir bitte eine kurze Mail, sodass wir schneller Kontakt aufnehmen k\u00f6nnen. &nbsp;<\/p>\n\n\n\n<p style=\"font-size:15px\"><\/p>\n","protected":false},"excerpt":{"rendered":"<p>Praxis in Kiel Die Praxis befindet sich in der Innenstadt, fu\u00dfl\u00e4ufig vom Hauptbahnhof erreichbar, Sophienblatt 12, 24103 Kiel. Sie erreichen meine R\u00e4ume in der Praxis von Frau Dr. med. Katja Kneip im 3. Stock. Die Praxis ist barrierefrei \u00fcber einen Aufzug erreichbar. Praxis f\u00fcr PsychotherapieDipl. Psych. Karsten GrewelPsychologischer Psychotherapeut \/ Heilpraktiker Sophienblatt 12 (3. OG)24103 &hellip; <\/p>\n<p class=\"link-more\"><a href=\"https:\/\/grewel.de\/?page_id=107\" class=\"more-link\"><span class=\"screen-reader-text\">\u201eKontakt\u201c<\/span> weiterlesen<\/a><\/p>\n","protected":false},"author":1,"featured_media":0,"parent":0,"menu_order":0,"comment_status":"closed","ping_status":"closed","template":"","meta":{"footnotes":""},"class_list":["post-107","page","type-page","status-publish","hentry"],"_links":{"self":[{"href":"https:\/\/grewel.de\/index.php?rest_route=\/wp\/v2\/pages\/107","targetHints":{"allow":["GET"]}}],"collection":[{"href":"https:\/\/grewel.de\/index.php?rest_route=\/wp\/v2\/pages"}],"about":[{"href":"https:\/\/grewel.de\/index.php?rest_route=\/wp\/v2\/types\/page"}],"author":[{"embeddable":true,"href":"https:\/\/grewel.de\/index.php?rest_route=\/wp\/v2\/users\/1"}],"replies":[{"embeddable":true,"href":"https:\/\/grewel.de\/index.php?rest_route=%2Fwp%2Fv2%2Fcomments&post=107"}],"version-history":[{"count":13,"href":"https:\/\/grewel.de\/index.php?rest_route=\/wp\/v2\/pages\/107\/revisions"}],"predecessor-version":[{"id":206,"href":"https:\/\/grewel.de\/index.php?rest_route=\/wp\/v2\/pages\/107\/revisions\/206"}],"wp:attachment":[{"href":"https:\/\/grewel.de\/index.php?rest_route=%2Fwp%2Fv2%2Fmedia&parent=107"}],"curies":[{"name":"wp","href":"https:\/\/api.w.org\/{rel}","templated":true}]}}