{"id":13,"date":"2019-08-23T14:34:06","date_gmt":"2019-08-23T14:34:06","guid":{"rendered":"http:\/\/grewel.de\/?page_id=13"},"modified":"2022-03-16T18:19:33","modified_gmt":"2022-03-16T18:19:33","slug":"meine-praxis","status":"publish","type":"page","link":"https:\/\/grewel.de\/?page_id=13","title":{"rendered":"Meine Praxis"},"content":{"rendered":"\n<p><strong>Was mir wichtig ist<\/strong><\/p>\n\n\n\n<p style=\"font-size:15px\">Als Psychologischer Psychotherapeut und Heilpraktiker habe ich ein ganzheitliches Menschenbild, in dem K\u00f6rper, Geist und Seele drei wesentliche Teile und Manifestationen der Pers\u00f6nlichkeit eines Menschen sind.<\/p>\n\n\n\n<p style=\"font-size:15px\">K\u00f6rperliche Symptome sind h\u00e4ufig Ausdruck seelischer Verspannungen. Seelische Zust\u00e4nde, Depressionen, Traumata oder auch ganz allt\u00e4glicher Stress manifestieren sich wiederum auch in Verspannungen oder einer Reihe anderer k\u00f6rperlicher Symptome. Genauso f\u00fchren aber auch k\u00f6rperliche Zust\u00e4nde und Krankheiten zu einer Ver\u00e4nderung seelischer Zust\u00e4nde.<\/p>\n\n\n\n<p style=\"font-size:15px\">Die unterschiedlichen Therapiemethoden sind unterschiedliche Ans\u00e4tze, sich der zugrundeliegenden Fragestellung oder Problematik zu n\u00e4hern. Im Erstgespr\u00e4ch werden wir Ihr Anliegen und Ihre Ver\u00e4nderungsw\u00fcnsche kl\u00e4ren und gemeinsam herausfinden, welcher Ansatz der f\u00fcr Sie zun\u00e4chst Richtige ist.\u00a0<\/p>\n\n\n\n<p style=\"font-size:15px\">Neben meinem Psychologie-Studium, der Ausbildung zum Psychologischen Psychotherapeuten (Tiefenpsychologisch fundierte Psychotherapie) und diversen Weiterbildungen in anderen Therapieformen verf\u00fcge ich \u00fcber inzwischen bald 30 Jahre Erfahrung aus der Arbeit in Kliniken, bei sozialen Tr\u00e4gern und auch als Unternehmensberater und Coach in der Wirtschaft. Seit 2012 arbeite ich auch in eigener Praxis.<\/p>\n\n\n\n<p style=\"font-size:15px\">Aus rechtlichen Gr\u00fcnden weise ich darauf hin, dass bei keiner der aufgef\u00fchrten Therapieformen der Eindruck erweckt werden soll, Heil<strong>versprechen<\/strong>&nbsp;zu geben bzw. eine Linderung der Erkrankung&nbsp;<strong>garantiert&nbsp;<\/strong>oder&nbsp;<strong>versprochen&nbsp;<\/strong>wird. Die auf der Homepage angegebenen Informationen k\u00f6nnen auch nicht dazu genutzt werden, Krankheiten oder Leiden selbst zu erkennen bzw. zu therapieren.<\/p>\n\n\n\n<p><\/p>\n","protected":false},"excerpt":{"rendered":"<p>Was mir wichtig ist Als Psychologischer Psychotherapeut und Heilpraktiker habe ich ein ganzheitliches Menschenbild, in dem K\u00f6rper, Geist und Seele drei wesentliche Teile und Manifestationen der Pers\u00f6nlichkeit eines Menschen sind. K\u00f6rperliche Symptome sind h\u00e4ufig Ausdruck seelischer Verspannungen. Seelische Zust\u00e4nde, Depressionen, Traumata oder auch ganz allt\u00e4glicher Stress manifestieren sich wiederum auch in Verspannungen oder einer Reihe &hellip; <\/p>\n<p class=\"link-more\"><a href=\"https:\/\/grewel.de\/?page_id=13\" class=\"more-link\"><span class=\"screen-reader-text\">\u201eMeine Praxis\u201c<\/span> weiterlesen<\/a><\/p>\n","protected":false},"author":1,"featured_media":0,"parent":0,"menu_order":1,"comment_status":"closed","ping_status":"closed","template":"","meta":{"footnotes":""},"class_list":["post-13","page","type-page","status-publish","hentry"],"_links":{"self":[{"href":"https:\/\/grewel.de\/index.php?rest_route=\/wp\/v2\/pages\/13","targetHints":{"allow":["GET"]}}],"collection":[{"href":"https:\/\/grewel.de\/index.php?rest_route=\/wp\/v2\/pages"}],"about":[{"href":"https:\/\/grewel.de\/index.php?rest_route=\/wp\/v2\/types\/page"}],"author":[{"embeddable":true,"href":"https:\/\/grewel.de\/index.php?rest_route=\/wp\/v2\/users\/1"}],"replies":[{"embeddable":true,"href":"https:\/\/grewel.de\/index.php?rest_route=%2Fwp%2Fv2%2Fcomments&post=13"}],"version-history":[{"count":7,"href":"https:\/\/grewel.de\/index.php?rest_route=\/wp\/v2\/pages\/13\/revisions"}],"predecessor-version":[{"id":166,"href":"https:\/\/grewel.de\/index.php?rest_route=\/wp\/v2\/pages\/13\/revisions\/166"}],"wp:attachment":[{"href":"https:\/\/grewel.de\/index.php?rest_route=%2Fwp%2Fv2%2Fmedia&parent=13"}],"curies":[{"name":"wp","href":"https:\/\/api.w.org\/{rel}","templated":true}]}}