{"id":30,"date":"2019-08-23T14:40:23","date_gmt":"2019-08-23T14:40:23","guid":{"rendered":"http:\/\/grewel.de\/?page_id=30"},"modified":"2022-03-17T16:24:38","modified_gmt":"2022-03-17T16:24:38","slug":"tiefenpsychologisch-fundierte-psychotherapie","status":"publish","type":"page","link":"https:\/\/grewel.de\/?page_id=30","title":{"rendered":"Tiefenpsychologisch fundierte Psychotherapie"},"content":{"rendered":"\n<p style=\"font-size:15px\">Es gibt viele verschiedene Situationen und Anl\u00e4sse, wann Menschen Unterst\u00fctzung in Form einer Psychotherapie oder einer Beratung in Anspruch nehmen. Genauso wie Situationen, in denen ein Mensch das Gef\u00fchl hat, aus eigener Kraft nicht ausreichend weiter zu kommen, Anlass f\u00fcr eine Therapie sein k\u00f6nnen, so ist es bei manchen Menschen auch einfach die Neugier auf sich selbst, der Wunsch, sich mit der eigenen Vergangenheit und Familiengeschichte auseinanderzusetzen und einfach mehr \u00fcber sich selbst zu erfahren.<\/p>\n\n\n\n<p style=\"font-size:15px\">In einem Erstgespr\u00e4ch k\u00f6nnen wir schauen und entscheiden, ob einzelne Beratungsgespr\u00e4che ausreichend w\u00e4ren oder ein l\u00e4ngerer Prozess im Rahmen einer Psychotherapie sinnvoll w\u00e4re. Je nach Anlass der Therapie kann auch eine Abrechnung \u00fcber Krankenkassen m\u00f6glich sein.<\/p>\n\n\n\n<p style=\"font-size:15px\"><strong><br>Tiefenpsychologisch fundierte Psychotherapie<\/strong><\/p>\n\n\n\n<p style=\"font-size:15px\">Die&nbsp;Tiefenpsychologisch fundierte Psychotherapie ist eines der vier gesetzlich anerkannten und von den Krankenkassen finanzierten Psychotherapie-Verfahren &#8230; neben der Psychoanalyse, der Systematischen Therapie und der Verhaltenstherapie.&nbsp;<\/p>\n\n\n\n<p style=\"font-size:15px\">In der Tiefenpsychologisch fundierten Psychotherapie stehen der aktuelle Konflikt und die aktuelle Symptomatik im Fokus, ebenso aber auch das psychodynamische Verst\u00e4ndnis f\u00fcr die Gr\u00fcnde, die Entstehung und die Hintergr\u00fcnde der heutigen Bew\u00e4ltigungsschwierigkeiten. Fr\u00fche Beziehungen in der Kindheit bilden die Grundlage f\u00fcr unser heutiges Geworden-Sein, f\u00fcr unsere heutige Beziehungsgestaltung und den Umgang mit Konflikten und problematischen Situationen. Neben der Bearbeitung der aktuellen Konflikte und Themen soll in der Therapie durch R\u00fcckbezug auf die biografischen Hintergr\u00fcnde ein Verst\u00e4ndnis entwickelt werden f\u00fcr die aktuell eingeschr\u00e4nkten Bew\u00e4ltigungsm\u00f6glichkeiten. Dabei geht es vor allem auch um zumeist noch unbewusste Gef\u00fchle, Beziehungs- und Konfliktmuster. Ziel ist dabei, gemeinsam die aktuellen Konflikte und Probleme zu l\u00f6sen, die Symptomatik zu verringern und zuk\u00fcnftigen Belastungen vorzubeugen.&nbsp;<\/p>\n\n\n\n<p style=\"font-size:15px\"><br><strong>Klient_innen \/ Patient_innen im Fokus:&nbsp;<\/strong><\/p>\n\n\n\n<p style=\"font-size:15px\">Aus meiner therapeutischen Erfahrung habe ich gelernt und die \u00dcberzeugung gewonnen, dass Therapie v.a. dann wirksam ist, wenn eine stabile therapeutische Beziehung entstehen kann und sie die Klient_innen \/ Patient_innen mit ihrem Gewordensein und ihren aktuellen Problemen \/ Konflikten im Hier und Jetzt in den Fokus stellt. Daher war es f\u00fcr mich als Therapeut immer wichtig, auch \u00fcber das eigene Therapieverfahren hinauszuschauen. Auf Basis meiner fr\u00fcheren Ausbildungen k\u00f6nnen daher auch zum Teil Interventionen aus anderen Therapieschulen Anwendung finden.<\/p>\n\n\n\n<p style=\"font-size:15px\"><br><strong>Arbeitsweise<\/strong><\/p>\n\n\n\n<p style=\"font-size:15px\">Tiefenpsychologisch fundierte Psychotherapie findet bei mir in Einzelgespr\u00e4chen statt, in der Regel 1 x pro Woche im Sitzen. Eine Therapiesitzung dauert 50 min.&nbsp;<\/p>\n\n\n\n<p style=\"font-size:15px\">Da ich in der Regel in Sitzungen bin, kann ich Sie erst kurz vor dem vereinbarten Termin in die Praxis lassen.<\/p>\n\n\n\n<p style=\"font-size:15px\"><br><strong>Anl\u00e4sse f\u00fcr Psychotherapie k\u00f6nnen sein (alphabetische Auflistung):<\/strong><\/p>\n\n\n\n<p class=\"has-text-align-left\" style=\"font-size:15px\">\u00c4ngste, soziale \u00c4ngste und Panikattacken<br>Akute Krisensituationen<br>Allgemeine psychische Probleme \/ Lebenskrisen<br>Arbeitsst\u00f6rungen<br>Autismus-Spektrum<br>Beziehungsst\u00f6rungen<br>Burn-Out<br>Depression<br>Pers\u00f6nlichkeitsst\u00f6rungen<br>Psychosomatische Beschwerden\u00a0<br>Selbstwertprobleme und Minderwertigkeitsgef\u00fchle<br>Sexuelle Orientierung und geschlechtliche Identit\u00e4t<br>Stress<br>Sucht<br>Trans*Identit\u00e4t (auch als Begleittherapie)<br>Trauer<br>Traumatische Erlebnisse &#8211; Gewalt &#8211; Missbrauch\u00a0<br>Zwangsst\u00f6rungen<\/p>\n","protected":false},"excerpt":{"rendered":"<p>Es gibt viele verschiedene Situationen und Anl\u00e4sse, wann Menschen Unterst\u00fctzung in Form einer Psychotherapie oder einer Beratung in Anspruch nehmen. Genauso wie Situationen, in denen ein Mensch das Gef\u00fchl hat, aus eigener Kraft nicht ausreichend weiter zu kommen, Anlass f\u00fcr eine Therapie sein k\u00f6nnen, so ist es bei manchen Menschen auch einfach die Neugier auf &hellip; <\/p>\n<p class=\"link-more\"><a href=\"https:\/\/grewel.de\/?page_id=30\" class=\"more-link\"><span class=\"screen-reader-text\">\u201eTiefenpsychologisch fundierte Psychotherapie\u201c<\/span> weiterlesen<\/a><\/p>\n","protected":false},"author":1,"featured_media":0,"parent":27,"menu_order":1,"comment_status":"closed","ping_status":"closed","template":"","meta":{"footnotes":""},"class_list":["post-30","page","type-page","status-publish","hentry"],"_links":{"self":[{"href":"https:\/\/grewel.de\/index.php?rest_route=\/wp\/v2\/pages\/30","targetHints":{"allow":["GET"]}}],"collection":[{"href":"https:\/\/grewel.de\/index.php?rest_route=\/wp\/v2\/pages"}],"about":[{"href":"https:\/\/grewel.de\/index.php?rest_route=\/wp\/v2\/types\/page"}],"author":[{"embeddable":true,"href":"https:\/\/grewel.de\/index.php?rest_route=\/wp\/v2\/users\/1"}],"replies":[{"embeddable":true,"href":"https:\/\/grewel.de\/index.php?rest_route=%2Fwp%2Fv2%2Fcomments&post=30"}],"version-history":[{"count":13,"href":"https:\/\/grewel.de\/index.php?rest_route=\/wp\/v2\/pages\/30\/revisions"}],"predecessor-version":[{"id":189,"href":"https:\/\/grewel.de\/index.php?rest_route=\/wp\/v2\/pages\/30\/revisions\/189"}],"up":[{"embeddable":true,"href":"https:\/\/grewel.de\/index.php?rest_route=\/wp\/v2\/pages\/27"}],"wp:attachment":[{"href":"https:\/\/grewel.de\/index.php?rest_route=%2Fwp%2Fv2%2Fmedia&parent=30"}],"curies":[{"name":"wp","href":"https:\/\/api.w.org\/{rel}","templated":true}]}}