{"id":36,"date":"2019-08-23T14:42:50","date_gmt":"2019-08-23T14:42:50","guid":{"rendered":"http:\/\/grewel.de\/?page_id=36"},"modified":"2019-08-24T08:41:24","modified_gmt":"2019-08-24T08:41:24","slug":"hypnosetherapie","status":"publish","type":"page","link":"https:\/\/grewel.de\/?page_id=36","title":{"rendered":"Hypnosetherapie"},"content":{"rendered":"\n<p style=\"font-size:15px\">Hypnotherapie bezeichnet eine psychotherapeutische Behandlungsform, bei der ein Mensch durch hypnotherapeutische Techniken in einen Trance-Zustand versetzt wird. In diesem Trance-Zustand hat der Mensch die M\u00f6glichkeit, \u00fcber die Grenzen des Alltagsbewusstseins hinauszugehen. Hypnose erm\u00f6glicht somit einen Weg quasi in unser Inneres Selbst. So haben wir die M\u00f6glichkeit, uns eigener St\u00e4rken und Ressourcen bewusst zu werden und uns unbewussten Erinnerungen und Ged\u00e4chtnisinhalten anzun\u00e4hern, die sich unserem Alltagsbewusstsein entziehen.&nbsp;<\/p>\n\n\n\n<p style=\"font-size:15px\">In einer hypnotherapeutischen Sitzung ist es uns m\u00f6glich, aus festgefahrenen Denkmustern auszusteigen. Im Trancezustand haben wir die Chance, bewusste und unbewusste Prozesse in Gang zu setzen, uns mit vergangenen Erinnerungen, traumatischen Erlebnissen und unangenehmen Teilen unserer Vergangenheit auszus\u00f6hnen. Wir k\u00f6nnen die Trance nutzen, heilende Impulse zu setzen und Heilung auf der seelischen (und damit oft auch auf der k\u00f6rperlichen Ebene) zu unterst\u00fctzen und zu st\u00e4rken. Wir k\u00f6nnen Hypnotherapie nutzen, Ressourcen und St\u00e4rken zu aktivieren, um uns gelassener und souver\u00e4ner durch unseren Alltag zu bewegen.<\/p>\n\n\n\n<p style=\"font-size:15px\">Hypnotherapie bietet auch die Chance, Erinnerungen aus unserer fr\u00fchesten Kindheit (unserer \u201evorsprachlichen\u201c Zeit) wieder zu erleben, die unserem Alltagsbewusstsein, das \u201ein Sprache\u201c denkt, nicht zug\u00e4nglich sind. Somit k\u00f6nnen wir in der Hypnotherapie auch mit Teilen unseres Unterbewusstseins in Kontakt kommen und arbeiten, denen wir uns im (bewussten) Gespr\u00e4ch immer nur ansatzweise ann\u00e4hern k\u00f6nnen.<\/p>\n\n\n\n<p style=\"font-size:15px\">Nicht die Erinnerungen selbst belasten uns, sondern die Gef\u00fchle, die diesen Erinnerungen angelagert und gespeichert sind. Es geht also nicht darum, den \u201eWahrheitsgehalt\u201c von Erinnerungen herauszufinden, sondern sich der Erinnerungen und der angehafteten Gef\u00fchle bewusst zu werden und diese Gef\u00fchle neu zu bewerten und so zu verarbeiten, dass sie uns nicht mehr belasten.In jedem Menschen stecken so viel mehr Potenziale, Kraft und St\u00e4rken, die uns zu einem gro\u00dfen Teil gar nicht bewusst sind. Hypnotherapie unterst\u00fctzt uns dabei, eben diese in uns zu entdecken und sie f\u00fcr uns zug\u00e4nglich und nutzbar zu machen, um letztlich genau zu dem Menschen zu werden, der wir sind!<\/p>\n","protected":false},"excerpt":{"rendered":"<p>Hypnotherapie bezeichnet eine psychotherapeutische Behandlungsform, bei der ein Mensch durch hypnotherapeutische Techniken in einen Trance-Zustand versetzt wird. In diesem Trance-Zustand hat der Mensch die M\u00f6glichkeit, \u00fcber die Grenzen des Alltagsbewusstseins hinauszugehen. Hypnose erm\u00f6glicht somit einen Weg quasi in unser Inneres Selbst. So haben wir die M\u00f6glichkeit, uns eigener St\u00e4rken und Ressourcen bewusst zu werden und &hellip; <\/p>\n<p class=\"link-more\"><a href=\"https:\/\/grewel.de\/?page_id=36\" class=\"more-link\"><span class=\"screen-reader-text\">\u201eHypnosetherapie\u201c<\/span> weiterlesen<\/a><\/p>\n","protected":false},"author":1,"featured_media":0,"parent":27,"menu_order":3,"comment_status":"closed","ping_status":"closed","template":"","meta":{"footnotes":""},"class_list":["post-36","page","type-page","status-publish","hentry"],"_links":{"self":[{"href":"https:\/\/grewel.de\/index.php?rest_route=\/wp\/v2\/pages\/36","targetHints":{"allow":["GET"]}}],"collection":[{"href":"https:\/\/grewel.de\/index.php?rest_route=\/wp\/v2\/pages"}],"about":[{"href":"https:\/\/grewel.de\/index.php?rest_route=\/wp\/v2\/types\/page"}],"author":[{"embeddable":true,"href":"https:\/\/grewel.de\/index.php?rest_route=\/wp\/v2\/users\/1"}],"replies":[{"embeddable":true,"href":"https:\/\/grewel.de\/index.php?rest_route=%2Fwp%2Fv2%2Fcomments&post=36"}],"version-history":[{"count":3,"href":"https:\/\/grewel.de\/index.php?rest_route=\/wp\/v2\/pages\/36\/revisions"}],"predecessor-version":[{"id":82,"href":"https:\/\/grewel.de\/index.php?rest_route=\/wp\/v2\/pages\/36\/revisions\/82"}],"up":[{"embeddable":true,"href":"https:\/\/grewel.de\/index.php?rest_route=\/wp\/v2\/pages\/27"}],"wp:attachment":[{"href":"https:\/\/grewel.de\/index.php?rest_route=%2Fwp%2Fv2%2Fmedia&parent=36"}],"curies":[{"name":"wp","href":"https:\/\/api.w.org\/{rel}","templated":true}]}}