{"id":43,"date":"2019-08-23T14:56:34","date_gmt":"2019-08-23T14:56:34","guid":{"rendered":"http:\/\/grewel.de\/?page_id=43"},"modified":"2026-03-23T18:48:51","modified_gmt":"2026-03-23T18:48:51","slug":"rahmenbedingungen-kosten","status":"publish","type":"page","link":"https:\/\/grewel.de\/?page_id=43","title":{"rendered":"Kosten"},"content":{"rendered":"\n<p>Auch wenn die Warteliste f\u00fcr gesetzlich Versicherte oft voll ist, gibt es f\u00fcr Versicherte der Betriebskrankenkassen <br><strong>&#8211; mkk meine krankenkasse<br>&#8211; BKK PwC<br>&#8211; BKK W&amp;F Wirtschaft und Finanzen<\/strong><br>extra Kontingente. Schreiben Sie dies bitte direkt in Ihre Anfrage mit rein.<br>Auch f\u00fcr<strong> Privatversicherte<\/strong> sind gelegentlich noch Pl\u00e4tze frei.<\/p>\n\n\n\n<p style=\"font-size:15px\">Im Erstgespr\u00e4ch werden wir uns gemeinsam ein Bild davon machen, was Ihr Anliegen ist und mit welchem therapeutischen Setting dies optimal zu erreichen ist. Daneben dient das Erstgespr\u00e4ch einem pers\u00f6nlichen Kennenlernen, sodass auch Sie die M\u00f6glichkeit haben, Ihr Bauchgef\u00fchl zu fragen, ob es f\u00fcr Sie passt.<\/p>\n\n\n\n<p style=\"font-size:15px\"><strong>Abrechnung \u00fcber die gesetzlichen Krankenversicherungen GKV <\/strong><\/p>\n\n\n\n<p style=\"font-size:15px\">Da ich an der vertragspsychotherapeutischen Versorgung (sog. &#8218;Kassensitz&#8216;) teilnehme, ist die Abrechnung psychotherapeutischer Leistungen bei allen gesetzlichen Krankenkassen nach den f\u00fcr psychotherapeutische Leistungen geltenden Leit- und Richtlinien m\u00f6glich.<\/p>\n\n\n\n<p style=\"font-size:15px\">Zu Beginn muss &#8211; sofern Sie das nicht bereits in einer anderen Praxis gemacht haben &#8211; eine <strong>psychotherapeutische Sprechstunde<\/strong> durchgef\u00fchrt werden (verpflichtend vor Aufnahme einer Psychotherapie). Diese dient der Abkl\u00e4rung Ihres Anliegens, der Behandlungsbed\u00fcrftigkeit (sofern es \u00fcber die Krankenkasse abgerechnet werden soll) sowie der Auswahl des geeigneten Therapieverfahrens. Hier stehen Ihnen aktuell die Psychoanalyse, die Tiefenpsychologisch fundierte Psychotherapie, die Verhaltenstherapie und die Systematische Therapie als von den Krankenkassen anerkannte Therapieverfahren zur Auswahl. <\/p>\n\n\n\n<p style=\"font-size:15px\">Der n\u00e4chste Schritt, sofern Sie sich f\u00fcr eine Therapie bei mir entscheiden, sind die sogenannten <strong>probatorischen Sitzungen<\/strong> (mindestens 2 bis maximal 4), die ohne Antrag von der Krankenkasse \u00fcbernommen werden,  dem gegenseitigen Kennenlernen und der Abkl\u00e4rung des weiteren Vorgehens dienen. Im Anschluss daran wird der Therapieantrag bei der Krankenkasse gestellt.<\/p>\n\n\n\n<p style=\"font-size:15px\">Die maximale Stundenanzahl einer kassenfinanzierten tiefenpsychologisch fundierten Psychotherapie sind 100 Stunden, in der Regel ein Termin \u00e1 50 Minuten pro Woche.<\/p>\n\n\n\n<p style=\"font-size:15px\"><strong>Abrechnung \u00fcber die privaten Krankenversicherungen PKV und \/ Beihilfestellen <\/strong><\/p>\n\n\n\n<p style=\"font-size:15px\">Die Abrechnung f\u00fcr&nbsp;<strong>Privatversicherte und Beihilfeberechtigte&nbsp;<\/strong>basiert auf der&nbsp;<a rel=\"noreferrer noopener\" aria-label=\" (\u00f6ffnet in neuem Tab)\" href=\"http:\/\/www.gesetze-im-internet.de\/gop\/\" target=\"_blank\">Geb\u00fchrenordnung f\u00fcr Psychotherapeuten<\/a>&nbsp;und der&nbsp;<a rel=\"noreferrer noopener\" aria-label=\" (\u00f6ffnet in neuem Tab)\" href=\"http:\/\/www.gesetze-im-internet.de\/go__1982\/\" target=\"_blank\">Geb\u00fchrenordnung f\u00fcr \u00c4rzte<\/a>.&nbsp;<\/p>\n\n\n\n<p style=\"font-size:15px\">Je nach Versicherungsbedingungen sind 4 bis 5 sogenannte probatorische Sitzungen erforderlich bzw. m\u00f6glich, nach denen ich einen ausf\u00fchrlichen Bericht an die Krankenkasse schicke zur Beantragung der Psychotherapie. Bei manchen Versicherungen ist auch ein bestimmtes Stundenkontingent pro Jahr ohne Beantragung m\u00f6glich. Erkundigen Sie sich daher am besten schon vor dem Erstgespr\u00e4ch bei Ihrer Versicherung, ob psychotherapeutische Leistungen abgedeckt sind, in welchem Umfang und unter welchen Voraussetzungen.<\/p>\n\n\n\n<p style=\"font-size:15px\"><strong>Abrechnung der Therapie als selbstzahlende Person <\/strong><\/p>\n\n\n\n<p style=\"font-size:15px\">Als&nbsp;<strong>Selbstzahlende&nbsp;<\/strong>spielen Formalit\u00e4ten f\u00fcr Sie keine Rolle. Damit entf\u00e4llt auch die Wartezeit bis zur Bewilligung durch die Krankenkasse und die Weiterleitung von behandlungsrelevanten Daten an die Krankenkasse und die Erstellung des Berichts. Dies ist insbesondere von Bedeutung, wenn Sie als gesetzliche Versicherte_r \u00fcberlegen, perspektivisch in die Private Krankenversicherung zu wechseln (bei vielen ist eine Vortherapie ein Ablehnungsgrund) oder eine Berufsunf\u00e4higkeitsversicherung abzuschlie\u00dfen. Die Kosten f\u00fcr eine Psychotherapie als Selbstzahlende_r sind steuerlich absetzbar.<\/p>\n\n\n\n<p><\/p>\n\n\n\n<p style=\"font-size:15px\"><\/p>\n\n\n\n<p><\/p>\n","protected":false},"excerpt":{"rendered":"<p>Auch wenn die Warteliste f\u00fcr gesetzlich Versicherte oft voll ist, gibt es f\u00fcr Versicherte der Betriebskrankenkassen &#8211; mkk meine krankenkasse&#8211; BKK PwC&#8211; BKK W&amp;F Wirtschaft und Finanzenextra Kontingente. Schreiben Sie dies bitte direkt in Ihre Anfrage mit rein.Auch f\u00fcr Privatversicherte sind gelegentlich noch Pl\u00e4tze frei. Im Erstgespr\u00e4ch werden wir uns gemeinsam ein Bild davon machen, &hellip; <\/p>\n<p class=\"link-more\"><a href=\"https:\/\/grewel.de\/?page_id=43\" class=\"more-link\"><span class=\"screen-reader-text\">\u201eKosten\u201c<\/span> weiterlesen<\/a><\/p>\n","protected":false},"author":1,"featured_media":0,"parent":0,"menu_order":3,"comment_status":"closed","ping_status":"closed","template":"","meta":{"footnotes":""},"class_list":["post-43","page","type-page","status-publish","hentry"],"_links":{"self":[{"href":"https:\/\/grewel.de\/index.php?rest_route=\/wp\/v2\/pages\/43","targetHints":{"allow":["GET"]}}],"collection":[{"href":"https:\/\/grewel.de\/index.php?rest_route=\/wp\/v2\/pages"}],"about":[{"href":"https:\/\/grewel.de\/index.php?rest_route=\/wp\/v2\/types\/page"}],"author":[{"embeddable":true,"href":"https:\/\/grewel.de\/index.php?rest_route=\/wp\/v2\/users\/1"}],"replies":[{"embeddable":true,"href":"https:\/\/grewel.de\/index.php?rest_route=%2Fwp%2Fv2%2Fcomments&post=43"}],"version-history":[{"count":14,"href":"https:\/\/grewel.de\/index.php?rest_route=\/wp\/v2\/pages\/43\/revisions"}],"predecessor-version":[{"id":215,"href":"https:\/\/grewel.de\/index.php?rest_route=\/wp\/v2\/pages\/43\/revisions\/215"}],"wp:attachment":[{"href":"https:\/\/grewel.de\/index.php?rest_route=%2Fwp%2Fv2%2Fmedia&parent=43"}],"curies":[{"name":"wp","href":"https:\/\/api.w.org\/{rel}","templated":true}]}}