{"id":87,"date":"2019-08-24T08:46:49","date_gmt":"2019-08-24T08:46:49","guid":{"rendered":"http:\/\/grewel.de\/?page_id=87"},"modified":"2023-04-03T11:02:53","modified_gmt":"2023-04-03T11:02:53","slug":"ueber-mich","status":"publish","type":"page","link":"https:\/\/grewel.de\/?page_id=87","title":{"rendered":"\u00dcber mich"},"content":{"rendered":"\n<p style=\"font-size:15px\">Diplom-Psychologe (Technische Universit\u00e4t Darmstadt)<\/p>\n\n\n\n<p style=\"font-size:15px\">Approbation als Psychologischer Psychotherapeut (BAP Berlin)<br>Fachkundenachweis in&nbsp;Tiefenpsychologisch fundierter Psychotherapie<br>Eintrag im Arztregister der Kassen\u00e4rztlichen Vereinigung SH<\/p>\n\n\n\n<p style=\"font-size:15px\">Zus\u00e4tzliche Weiterbildungen in Hypnosetherapie, Katathym Imaginativer Psychotherapie, Systemischer Beratung, Gespr\u00e4chspsychotherapie und Psychoanalytischer Gruppendynamik.&nbsp;<\/p>\n\n\n\n<p style=\"font-size:15px\">Seit 2012 in eigener Praxis f\u00fcr Psychotherapie,<\/p>\n\n\n\n<div class=\"wp-block-image\"><figure class=\"aligncenter size-large\"><img loading=\"lazy\" decoding=\"async\" width=\"840\" height=\"1024\" src=\"http:\/\/grewel.de\/wp-content\/uploads\/2023\/04\/DSC00973-2-w-1-840x1024.jpg\" alt=\"\" class=\"wp-image-204\" srcset=\"https:\/\/grewel.de\/wp-content\/uploads\/2023\/04\/DSC00973-2-w-1-840x1024.jpg 840w, https:\/\/grewel.de\/wp-content\/uploads\/2023\/04\/DSC00973-2-w-1-246x300.jpg 246w, https:\/\/grewel.de\/wp-content\/uploads\/2023\/04\/DSC00973-2-w-1-768x936.jpg 768w, https:\/\/grewel.de\/wp-content\/uploads\/2023\/04\/DSC00973-2-w-1-1261x1536.jpg 1261w, https:\/\/grewel.de\/wp-content\/uploads\/2023\/04\/DSC00973-2-w-1-1681x2048.jpg 1681w\" sizes=\"auto, (max-width: 706px) 89vw, (max-width: 767px) 82vw, 740px\" \/><\/figure><\/div>\n\n\n\n<p style=\"font-size:15px\">Mitglied Psychotherapeutenkammer Schleswig Holstein<br>Mitglied Deutsche Psychotherapeutenvereinigung DPTV <br>Mitglied des VLSP<\/p>\n\n\n\n<p style=\"font-size:15px\">Heilpraktiker und Reiki-Meister<\/p>\n\n\n\n<p style=\"font-size:15px\">Seit 1999 selbst\u00e4ndig als Unternehmensberater, Trainer und Coach<\/p>\n","protected":false},"excerpt":{"rendered":"<p>Diplom-Psychologe (Technische Universit\u00e4t Darmstadt) Approbation als Psychologischer Psychotherapeut (BAP Berlin)Fachkundenachweis in&nbsp;Tiefenpsychologisch fundierter PsychotherapieEintrag im Arztregister der Kassen\u00e4rztlichen Vereinigung SH Zus\u00e4tzliche Weiterbildungen in Hypnosetherapie, Katathym Imaginativer Psychotherapie, Systemischer Beratung, Gespr\u00e4chspsychotherapie und Psychoanalytischer Gruppendynamik.&nbsp; Seit 2012 in eigener Praxis f\u00fcr Psychotherapie, Mitglied Psychotherapeutenkammer Schleswig HolsteinMitglied Deutsche Psychotherapeutenvereinigung DPTV Mitglied des VLSP Heilpraktiker und Reiki-Meister Seit 1999 selbst\u00e4ndig &hellip; <\/p>\n<p class=\"link-more\"><a href=\"https:\/\/grewel.de\/?page_id=87\" class=\"more-link\"><span class=\"screen-reader-text\">\u201e\u00dcber mich\u201c<\/span> weiterlesen<\/a><\/p>\n","protected":false},"author":1,"featured_media":0,"parent":0,"menu_order":0,"comment_status":"closed","ping_status":"closed","template":"","meta":{"footnotes":""},"class_list":["post-87","page","type-page","status-publish","hentry"],"_links":{"self":[{"href":"https:\/\/grewel.de\/index.php?rest_route=\/wp\/v2\/pages\/87","targetHints":{"allow":["GET"]}}],"collection":[{"href":"https:\/\/grewel.de\/index.php?rest_route=\/wp\/v2\/pages"}],"about":[{"href":"https:\/\/grewel.de\/index.php?rest_route=\/wp\/v2\/types\/page"}],"author":[{"embeddable":true,"href":"https:\/\/grewel.de\/index.php?rest_route=\/wp\/v2\/users\/1"}],"replies":[{"embeddable":true,"href":"https:\/\/grewel.de\/index.php?rest_route=%2Fwp%2Fv2%2Fcomments&post=87"}],"version-history":[{"count":7,"href":"https:\/\/grewel.de\/index.php?rest_route=\/wp\/v2\/pages\/87\/revisions"}],"predecessor-version":[{"id":205,"href":"https:\/\/grewel.de\/index.php?rest_route=\/wp\/v2\/pages\/87\/revisions\/205"}],"wp:attachment":[{"href":"https:\/\/grewel.de\/index.php?rest_route=%2Fwp%2Fv2%2Fmedia&parent=87"}],"curies":[{"name":"wp","href":"https:\/\/api.w.org\/{rel}","templated":true}]}}